{"id":5818,"date":"2025-09-29T16:03:17","date_gmt":"2025-09-29T14:03:17","guid":{"rendered":"https:\/\/staging.ambas.es\/?page_id=5818"},"modified":"2025-10-29T10:23:09","modified_gmt":"2025-10-29T09:23:09","slug":"alta-socio-empresas","status":"publish","type":"page","link":"https:\/\/amigosmubav.es\/va\/alta-socio-empresas\/","title":{"rendered":"Alta socio empresas"},"content":{"rendered":"<div data-elementor-type=\"wp-page\" data-elementor-id=\"5818\" class=\"elementor elementor-5818\" data-elementor-post-type=\"page\">\n\t\t\t\t<div class=\"elementor-element elementor-element-b0d19bd e-flex e-con-boxed e-con e-parent\" data-id=\"b0d19bd\" data-element_type=\"container\">\n\t\t\t\t\t<div class=\"e-con-inner\">\n\t\t\t\t<div class=\"elementor-element elementor-element-982033e elementor-widget elementor-widget-heading\" data-id=\"982033e\" data-element_type=\"widget\" data-widget_type=\"heading.default\">\n\t\t\t\t\t<h2 class=\"elementor-heading-title elementor-size-default\">ALTA SOCIO EMPRESAS<\/h2>\t\t\t\t<\/div>\n\t\t\t\t<div class=\"elementor-element elementor-element-bded50d elementor-widget elementor-widget-text-editor\" data-id=\"bded50d\" data-element_type=\"widget\" data-widget_type=\"text-editor.default\">\n\t\t\t\t\t\t\t\t\t<p style=\"text-align: center;\">Si desea consultar los beneficios de las distintas modalidades de Amigo del Museo haga <a href=\"https:\/\/amigosmubav.es\/va\/amigos\/\">clic aqu\u00ed<\/a><\/p><p style=\"text-align: center;\">Gracias por su mecenazgo<\/p>\t\t\t\t\t\t\t\t<\/div>\n\t\t\t\t<div class=\"elementor-element elementor-element-001e207 elementor-widget elementor-widget-spacer\" data-id=\"001e207\" data-element_type=\"widget\" data-widget_type=\"spacer.default\">\n\t\t\t\t\t\t\t<div class=\"elementor-spacer\">\n\t\t\t<div class=\"elementor-spacer-inner\"><\/div>\n\t\t<\/div>\n\t\t\t\t\t\t<\/div>\n\t\t\t\t<div class=\"elementor-element elementor-element-90f2d4c elementor-widget elementor-widget-shortcode\" data-id=\"90f2d4c\" data-element_type=\"widget\" data-widget_type=\"shortcode.default\">\n\t\t\t\t\t\t\t<div class=\"elementor-shortcode\">\n<div class=\"wpcf7 no-js\" id=\"wpcf7-f5820-o1\" lang=\"es-ES\" dir=\"ltr\" data-wpcf7-id=\"5820\">\n<div class=\"screen-reader-response\"><p role=\"status\" aria-live=\"polite\" aria-atomic=\"true\"><\/p> <ul><\/ul><\/div>\n<form action=\"\/va\/wp-json\/wp\/v2\/pages\/5818#wpcf7-f5820-o1\" method=\"post\" class=\"wpcf7-form init\" aria-label=\"Formulario de contacto\" novalidate=\"novalidate\" data-status=\"init\" data-trp-original-action=\"\/va\/wp-json\/wp\/v2\/pages\/5818#wpcf7-f5820-o1\">\n<fieldset class=\"hidden-fields-container\"><input type=\"hidden\" name=\"_wpcf7\" value=\"5820\" \/><input type=\"hidden\" name=\"_wpcf7_version\" value=\"6.1.5\" \/><input type=\"hidden\" name=\"_wpcf7_locale\" value=\"es_ES\" \/><input type=\"hidden\" name=\"_wpcf7_unit_tag\" value=\"wpcf7-f5820-o1\" \/><input type=\"hidden\" name=\"_wpcf7_container_post\" value=\"0\" \/><input type=\"hidden\" name=\"_wpcf7_posted_data_hash\" value=\"\" \/><input type=\"hidden\" name=\"_wpcf7_recaptcha_response\" value=\"\" \/>\n<\/fieldset>\n<div class=\"form-container\">\n\t<div class=\"form-section company-data\">\n\t\t<h3><span class=\"icon\">\ud83c\udfe2<\/span> DATOS DE LA EMPRESA\n\t\t<\/h3>\n\t\t<div class=\"two-columns\">\n\t\t\t<div class=\"column-left\">\n\t\t\t\t<div class=\"form-group\">\n\t\t\t\t\t<p><label>Raz\u00f3n Social *<\/label><br \/>\n<span class=\"wpcf7-form-control-wrap\" data-name=\"razon_social\"><input size=\"40\" maxlength=\"400\" class=\"wpcf7-form-control wpcf7-text wpcf7-validates-as-required\" aria-required=\"true\" aria-invalid=\"false\" placeholder=\"Nombre legal de la empresa\" value=\"\" type=\"text\" name=\"razon_social\" \/><\/span>\n\t\t\t\t\t<\/p>\n\t\t\t\t<\/div>\n\t\t\t\t<div class=\"form-group\">\n\t\t\t\t\t<p><label>Persona de Contacto *<\/label><br \/>\n<span class=\"wpcf7-form-control-wrap\" data-name=\"persona_contacto\"><input size=\"40\" maxlength=\"400\" class=\"wpcf7-form-control wpcf7-text wpcf7-validates-as-required\" aria-required=\"true\" aria-invalid=\"false\" placeholder=\"Nombre del representante\" value=\"\" type=\"text\" name=\"persona_contacto\" \/><\/span>\n\t\t\t\t\t<\/p>\n\t\t\t\t<\/div>\n\t\t\t\t<div class=\"form-group\">\n\t\t\t\t\t<p><label>Tel\u00e9fono *<\/label><br \/>\n<span class=\"wpcf7-form-control-wrap\" data-name=\"telefono\"><input size=\"40\" maxlength=\"400\" class=\"wpcf7-form-control wpcf7-tel wpcf7-validates-as-required wpcf7-text wpcf7-validates-as-tel\" aria-required=\"true\" aria-invalid=\"false\" placeholder=\"Ej: 612 345 678\" value=\"\" type=\"tel\" name=\"telefono\" \/><\/span>\n\t\t\t\t\t<\/p>\n\t\t\t\t<\/div>\n\t\t\t\t<div class=\"form-group\">\n\t\t\t\t\t<p><label>Domicilio Social *<\/label><br \/>\n<span class=\"wpcf7-form-control-wrap\" data-name=\"domicilio_social\"><input size=\"40\" maxlength=\"400\" class=\"wpcf7-form-control wpcf7-text wpcf7-validates-as-required\" aria-required=\"true\" aria-invalid=\"false\" placeholder=\"Direcci\u00f3n completa\" value=\"\" type=\"text\" name=\"domicilio_social\" \/><\/span>\n\t\t\t\t\t<\/p>\n\t\t\t\t<\/div>\n\t\t\t<\/div>\n\t\t\t<div class=\"column-right\">\n\t\t\t\t<div class=\"form-group\">\n\t\t\t\t\t<p><label>Actividad Econ\u00f3mica *<\/label><br \/>\n<span class=\"wpcf7-form-control-wrap\" data-name=\"actividad_economica\"><input size=\"40\" maxlength=\"400\" class=\"wpcf7-form-control wpcf7-text wpcf7-validates-as-required\" aria-required=\"true\" aria-invalid=\"false\" placeholder=\"Sector de la empresa\" value=\"\" type=\"text\" name=\"actividad_economica\" \/><\/span>\n\t\t\t\t\t<\/p>\n\t\t\t\t<\/div>\n\t\t\t\t<div class=\"form-group\">\n\t\t\t\t\t<p><label>NIF *<\/label><br \/>\n<span class=\"wpcf7-form-control-wrap\" data-name=\"nif\"><input size=\"40\" maxlength=\"400\" class=\"wpcf7-form-control wpcf7-text wpcf7-validates-as-required\" aria-required=\"true\" aria-invalid=\"false\" placeholder=\"NIF de la empresa\" value=\"\" type=\"text\" name=\"nif\" \/><\/span>\n\t\t\t\t\t<\/p>\n\t\t\t\t<\/div>\n\t\t\t\t<div class=\"form-group\">\n\t\t\t\t\t<p><label>Email *<\/label><br \/>\n<span class=\"wpcf7-form-control-wrap\" data-name=\"email\"><input size=\"40\" maxlength=\"400\" class=\"wpcf7-form-control wpcf7-email wpcf7-validates-as-required wpcf7-text wpcf7-validates-as-email\" aria-required=\"true\" aria-invalid=\"false\" placeholder=\"email@empresa.com\" value=\"\" type=\"email\" name=\"email\" \/><\/span>\n\t\t\t\t\t<\/p>\n\t\t\t\t<\/div>\n\t\t\t\t<div class=\"form-group\">\n\t\t\t\t\t<p><label>C\u00f3digo Postal *<\/label><br \/>\n<span class=\"wpcf7-form-control-wrap\" data-name=\"cp\"><input size=\"40\" maxlength=\"400\" class=\"wpcf7-form-control wpcf7-text wpcf7-validates-as-required\" aria-required=\"true\" aria-invalid=\"false\" placeholder=\"Ej: 46001\" value=\"\" type=\"text\" name=\"cp\" \/><\/span>\n\t\t\t\t\t<\/p>\n\t\t\t\t<\/div>\n\t\t\t<\/div>\n\t\t<\/div>\n\t<\/div>\n\t<div class=\"form-section bank-data\">\n\t\t<h3><span class=\"icon\">\ud83c\udfe6<\/span> DOMICILIACI\u00d3 BANC\u00c0RIA\n\t\t<\/h3>\n\t\t<div class=\"two-columns\">\n\t\t\t<div class=\"column-left\">\n\t\t\t\t<div class=\"form-group\">\n\t\t\t\t\t<p><label>Titular de la Cuenta Bancaria *<\/label><br \/>\n<span class=\"wpcf7-form-control-wrap\" data-name=\"titular_cuenta\"><input size=\"40\" maxlength=\"400\" class=\"wpcf7-form-control wpcf7-text wpcf7-validates-as-required\" aria-required=\"true\" aria-invalid=\"false\" placeholder=\"Titular de la cuenta\" value=\"\" type=\"text\" name=\"titular_cuenta\" \/><\/span>\n\t\t\t\t\t<\/p>\n\t\t\t\t<\/div>\n\t\t\t<\/div>\n\t\t\t<div class=\"column-right\">\n\t\t\t\t<div class=\"form-group\">\n\t\t\t\t\t<p><label>Entitat Banc\u00e0ria<\/label><br \/>\n<span class=\"wpcf7-form-control-wrap\" data-name=\"entidad_bancaria\"><input size=\"40\" maxlength=\"400\" class=\"wpcf7-form-control wpcf7-text\" aria-invalid=\"false\" placeholder=\"Nombre del banco\" value=\"\" type=\"text\" name=\"entidad_bancaria\" \/><\/span>\n\t\t\t\t\t<\/p>\n\t\t\t\t<\/div>\n\t\t\t<\/div>\n\t\t<\/div>\n\t\t<div class=\"iban-section\">\n\t\t\t<p><label class=\"iban-label\">IDENTIFICACI\u00d3N DE LA CUENTA (IBAN):<\/label>\n\t\t\t<\/p>\n\t\t\t<div class=\"iban-line\">\n\t\t\t\t<p><span class=\"iban-prefix\">\u00c9S<\/span><br \/>\n<span class=\"wpcf7-form-control-wrap\" data-name=\"iban-parte1\"><input size=\"40\" maxlength=\"22\" minlength=\"22\" class=\"wpcf7-form-control wpcf7-text wpcf7-validates-as-required\" aria-required=\"true\" aria-invalid=\"false\" placeholder=\"0000000000000000000000\" value=\"\" type=\"text\" name=\"iban-parte1\" \/><\/span>\n\t\t\t\t<\/p>\n\t\t\t<\/div>\n\t\t<\/div>\n\t<\/div>\n\t<div class=\"form-section fee-section\">\n\t\t<h3><span class=\"icon\">\ud83d\udcb6<\/span> SELECCIONE Y PERSONALICE SU APORTACI\u00d3N\n\t\t<\/h3>\n\t\t<div class=\"company-options\">\n\t\t\t<div class=\"company-option empresa-amiga\" data-minimo=\"350\">\n\t\t\t\t<p><span class=\"wpcf7-form-control-wrap\" data-name=\"tipo_empresa\"><span class=\"wpcf7-form-control wpcf7-radio\"><span class=\"wpcf7-list-item first last\"><input type=\"radio\" name=\"tipo_empresa\" value=\"Empresa Amiga (350\u20ac)\" checked=\"checked\" \/><span class=\"wpcf7-list-item-label\">Empresa Amiga (350\u20ac)<\/span><\/span><\/span><\/span>\n\t\t\t\t<\/p>\n\t\t\t\t<div class=\"custom-amount\">\n\t\t\t\t\t<p><label>Aportaci\u00f3n personalizada:<\/label><br \/>\n<span class=\"wpcf7-form-control-wrap\" data-name=\"importe_amiga\"><input class=\"wpcf7-form-control wpcf7-number wpcf7-validates-as-number\" min=\"350\" aria-invalid=\"false\" value=\"importe-input\" type=\"number\" name=\"importe_amiga\" \/><\/span>\n\t\t\t\t\t<\/p>\n\t\t\t\t<\/div>\n\t\t\t<\/div>\n\t\t\t<div class=\"company-option empresa-colaboradora\" data-minimo=\"2000\">\n\t\t\t\t<p><span class=\"wpcf7-form-control-wrap\" data-name=\"tipo_empresa\"><span class=\"wpcf7-form-control wpcf7-radio\"><span class=\"wpcf7-list-item first last\"><input type=\"radio\" name=\"tipo_empresa\" value=\"Empresa Colaboradora (2.000\u20ac)\" \/><span class=\"wpcf7-list-item-label\">Empresa Colaboradora (2.000\u20ac)<\/span><\/span><\/span><\/span>\n\t\t\t\t<\/p>\n\t\t\t\t<div class=\"custom-amount\">\n\t\t\t\t\t<p><label>Aportaci\u00f3n personalizada:<\/label><br \/>\n<span class=\"wpcf7-form-control-wrap\" data-name=\"importe_colaboradora\"><input class=\"wpcf7-form-control wpcf7-number wpcf7-validates-as-number\" min=\"2000\" aria-invalid=\"false\" value=\"importe-input\" type=\"number\" name=\"importe_colaboradora\" \/><\/span>\n\t\t\t\t\t<\/p>\n\t\t\t\t<\/div>\n\t\t\t<\/div>\n\t\t\t<div class=\"company-option empresa-mecenas\" data-minimo=\"5000\">\n\t\t\t\t<p><span class=\"wpcf7-form-control-wrap\" data-name=\"tipo_empresa\"><span class=\"wpcf7-form-control wpcf7-radio\"><span class=\"wpcf7-list-item first last\"><input type=\"radio\" name=\"tipo_empresa\" value=\"Empresa Mecenas (5.000\u20ac)\" \/><span class=\"wpcf7-list-item-label\">Empresa Mecenas (5.000\u20ac)<\/span><\/span><\/span><\/span>\n\t\t\t\t<\/p>\n\t\t\t\t<div class=\"custom-amount\">\n\t\t\t\t\t<p><label>Aportaci\u00f3n personalizada:<\/label><br \/>\n<span class=\"wpcf7-form-control-wrap\" data-name=\"importe_mecenas\"><input class=\"wpcf7-form-control wpcf7-number wpcf7-validates-as-number\" min=\"5000\" aria-invalid=\"false\" value=\"importe-input\" type=\"number\" name=\"importe_mecenas\" \/><\/span>\n\t\t\t\t\t<\/p>\n\t\t\t\t<\/div>\n\t\t\t<\/div>\n\t\t\t<div class=\"company-option empresa-honor\" data-minimo=\"25000\">\n\t\t\t\t<p><span class=\"wpcf7-form-control-wrap\" data-name=\"tipo_empresa\"><span class=\"wpcf7-form-control wpcf7-radio\"><span class=\"wpcf7-list-item first last\"><input type=\"radio\" name=\"tipo_empresa\" value=\"Empresa de Honor (25.000\u20ac)\" \/><span class=\"wpcf7-list-item-label\">Empresa de Honor (25.000\u20ac)<\/span><\/span><\/span><\/span>\n\t\t\t\t<\/p>\n\t\t\t\t<div class=\"custom-amount\">\n\t\t\t\t\t<p><label>Aportaci\u00f3n personalizada:<\/label><br \/>\n<span class=\"wpcf7-form-control-wrap\" data-name=\"importe_honor\"><input class=\"wpcf7-form-control wpcf7-number wpcf7-validates-as-number\" min=\"25000\" aria-invalid=\"false\" value=\"importe-input\" type=\"number\" name=\"importe_honor\" \/><\/span>\n\t\t\t\t\t<\/p>\n\t\t\t\t<\/div>\n\t\t\t<\/div>\n\t\t<\/div>\n\t\t<div class=\"selected-amount\">\n\t\t\t<p><strong>Aportaci\u00f3n seleccionada: <span id=\"importe-final\">350<\/span>\u20ac<\/strong>\n\t\t\t<\/p>\n\t\t<\/div>\n\t\t<div class=\"fee-note\">\n\t\t\t<p><small>Cada categor\u00eda tiene su cuota m\u00ednima, aunque se puede colaborar con una aportaci\u00f3n superior.<\/small>\n\t\t\t<\/p>\n\t\t<\/div>\n\t<\/div>\n\t<div class=\"form-section data-protection\">\n\t\t<h3><span class=\"icon\">\ud83d\udd12<\/span> PROTECCI\u00d3 DE DADES\n\t\t<\/h3>\n\t\t<div class=\"protection-text\">\n\t\t\t<p>En atenci\u00f3 al que preveu el Reglament General de Protecci\u00f3 de Dades de la UE (RGPD) i la Llei Org\u00e0nica de Protecci\u00f3 de Dades 3\/2018 de 5 de desembre, amb la signatura del present document d\u00f3na el seu consentiment per al tractament de les dades personals aportades a l&#039;Associaci\u00f3 d&#039;Amics el Museu de Belles Arts de Val\u00e8ncia.\n\t\t\t<\/p>\n\t\t<\/div>\n\t\t<div class=\"consent-options\">\n\t\t\t<div class=\"consent-item\">\n\t\t\t\t<p><span class=\"wpcf7-form-control-wrap\" data-name=\"finalidad1\"><span class=\"wpcf7-form-control wpcf7-checkbox\"><span class=\"wpcf7-list-item first last\"><input type=\"checkbox\" name=\"finalidad1[]\" value=\"Tareas propias de la gesti\u00f3n administrativa de la Asociaci\u00f3n (gesti\u00f3n de datos de los asociados, cobros de cuotas\u2026)\" \/><span class=\"wpcf7-list-item-label\">Tasques pr\u00f2pies de la gesti\u00f3 administrativa de l&#039;Associaci\u00f3 (gesti\u00f3 de dades dels associats, cobraments de quotes\u2026)<\/span><\/span><\/span><\/span>\n\t\t\t\t<\/p>\n\t\t\t<\/div>\n\t\t\t<div class=\"consent-item\">\n\t\t\t\t<p><span class=\"wpcf7-form-control-wrap\" data-name=\"finalidad2\"><span class=\"wpcf7-form-control wpcf7-checkbox\"><span class=\"wpcf7-list-item first last\"><input type=\"checkbox\" name=\"finalidad2[]\" value=\"Env\u00edo de informaci\u00f3n de actividades desarrolladas por la Asociaci\u00f3n y el Museo de Bellas Artes de Valencia\" \/><span class=\"wpcf7-list-item-label\">Enviament d&#039;informaci\u00f3 d&#039;activitats desenvolupades per l&#039;Associaci\u00f3 i el Museu de Belles Arts de Val\u00e8ncia<\/span><\/span><\/span><\/span>\n\t\t\t\t<\/p>\n\t\t\t<\/div>\n\t\t\t<div class=\"consent-main\">\n\t\t\t\t<p><span class=\"wpcf7-form-control-wrap\" data-name=\"consentimiento-datos\"><span class=\"wpcf7-form-control wpcf7-acceptance\"><span class=\"wpcf7-list-item\"><label><input type=\"checkbox\" name=\"consentimiento-datos\" value=\"1\" aria-invalid=\"false\" \/><span class=\"wpcf7-list-item-label\">He llegit i accepto la pol\u00edtica de protecci\u00f3 de dades<\/span><\/label><\/span><\/span><\/span>\n\t\t\t\t<\/p>\n\t\t\t<\/div>\n\t\t<\/div>\n\t<\/div>\n\t<div class=\"form-section submit-section\">\n\t\t<p><input class=\"wpcf7-form-control wpcf7-submit has-spinner\" type=\"submit\" value=\"Enviar Solicitud de Empresa\" \/>\n\t\t<\/p>\n\t<\/div>\n<\/div><div class=\"wpcf7-response-output\" aria-hidden=\"true\"><\/div>\n<input type=\"hidden\" name=\"trp-form-language\" value=\"va\"\/><\/form>\n<\/div>\n<\/div>\n\t\t\t\t\t\t<\/div>\n\t\t\t\t\t<\/div>\n\t\t\t\t<\/div>\n\t\t\t\t<\/div>","protected":false},"excerpt":{"rendered":"<p>ALTA SOCIO EMPRESAS Si desea consultar los beneficios de las distintas modalidades de Amigo del Museo haga clic aqu\u00ed Gracias por su mecenazgo<\/p>","protected":false},"author":35,"featured_media":0,"parent":0,"menu_order":0,"comment_status":"closed","ping_status":"closed","template":"","meta":{"_acf_changed":false,"footnotes":""},"class_list":["post-5818","page","type-page","status-publish","hentry"],"acf":[],"_links":{"self":[{"href":"https:\/\/amigosmubav.es\/va\/wp-json\/wp\/v2\/pages\/5818","targetHints":{"allow":["GET"]}}],"collection":[{"href":"https:\/\/amigosmubav.es\/va\/wp-json\/wp\/v2\/pages"}],"about":[{"href":"https:\/\/amigosmubav.es\/va\/wp-json\/wp\/v2\/types\/page"}],"author":[{"embeddable":true,"href":"https:\/\/amigosmubav.es\/va\/wp-json\/wp\/v2\/users\/35"}],"replies":[{"embeddable":true,"href":"https:\/\/amigosmubav.es\/va\/wp-json\/wp\/v2\/comments?post=5818"}],"version-history":[{"count":58,"href":"https:\/\/amigosmubav.es\/va\/wp-json\/wp\/v2\/pages\/5818\/revisions"}],"predecessor-version":[{"id":6316,"href":"https:\/\/amigosmubav.es\/va\/wp-json\/wp\/v2\/pages\/5818\/revisions\/6316"}],"wp:attachment":[{"href":"https:\/\/amigosmubav.es\/va\/wp-json\/wp\/v2\/media?parent=5818"}],"curies":[{"name":"wp","href":"https:\/\/api.w.org\/{rel}","templated":true}]}}