{"id":375,"date":"2021-03-07T22:47:48","date_gmt":"2021-03-07T21:47:48","guid":{"rendered":"https:\/\/amigosmubav.es\/?page_id=375"},"modified":"2025-03-25T09:15:42","modified_gmt":"2025-03-25T08:15:42","slug":"actividades","status":"publish","type":"page","link":"https:\/\/amigosmubav.es\/va\/actividades\/","title":{"rendered":"Actividades"},"content":{"rendered":"<div data-elementor-type=\"wp-page\" data-elementor-id=\"375\" class=\"elementor elementor-375\" data-elementor-post-type=\"page\">\n\t\t\t\t<div class=\"elementor-element elementor-element-0b39add e-con-full e-flex e-con e-parent\" data-id=\"0b39add\" data-element_type=\"container\">\n\t\t\t\t<div class=\"elementor-element elementor-element-d112d69 elementor-widget-divider--view-line elementor-widget elementor-widget-divider\" data-id=\"d112d69\" data-element_type=\"widget\" data-widget_type=\"divider.default\">\n\t\t\t\t\t\t\t<div class=\"elementor-divider\">\n\t\t\t<span class=\"elementor-divider-separator\">\n\t\t\t\t\t\t<\/span>\n\t\t<\/div>\n\t\t\t\t\t\t<\/div>\n\t\t\t\t<div class=\"elementor-element elementor-element-64a4f8d elementor-widget elementor-widget-heading\" data-id=\"64a4f8d\" data-element_type=\"widget\" data-widget_type=\"heading.default\">\n\t\t\t\t\t<h2 class=\"elementor-heading-title elementor-size-default\">ACTIVITATS<\/h2>\t\t\t\t<\/div>\n\t\t\t\t<div class=\"elementor-element elementor-element-bde94c9 elementor-widget-divider--view-line elementor-widget elementor-widget-divider\" data-id=\"bde94c9\" data-element_type=\"widget\" data-widget_type=\"divider.default\">\n\t\t\t\t\t\t\t<div class=\"elementor-divider\">\n\t\t\t<span class=\"elementor-divider-separator\">\n\t\t\t\t\t\t<\/span>\n\t\t<\/div>\n\t\t\t\t\t\t<\/div>\n\t\t\t\t<div class=\"elementor-element elementor-element-b3d23a8 elementor-grid-5 elementor-grid-tablet-2 elementor-grid-mobile-1 elementor-posts--thumbnail-top elementor-card-shadow-yes elementor-posts__hover-gradient elementor-widget elementor-widget-posts\" data-id=\"b3d23a8\" data-element_type=\"widget\" data-settings=\"{&quot;pagination_type&quot;:&quot;load_more_infinite_scroll&quot;,&quot;cards_columns&quot;:&quot;5&quot;,&quot;cards_columns_tablet&quot;:&quot;2&quot;,&quot;cards_columns_mobile&quot;:&quot;1&quot;,&quot;cards_row_gap&quot;:{&quot;unit&quot;:&quot;px&quot;,&quot;size&quot;:35,&quot;sizes&quot;:[]},&quot;cards_row_gap_tablet&quot;:{&quot;unit&quot;:&quot;px&quot;,&quot;size&quot;:&quot;&quot;,&quot;sizes&quot;:[]},&quot;cards_row_gap_mobile&quot;:{&quot;unit&quot;:&quot;px&quot;,&quot;size&quot;:&quot;&quot;,&quot;sizes&quot;:[]},&quot;load_more_spinner&quot;:{&quot;value&quot;:&quot;fas fa-spinner&quot;,&quot;library&quot;:&quot;fa-solid&quot;}}\" data-widget_type=\"posts.cards\">\n\t\t\t\t<div class=\"elementor-widget-container\">\n\t\t\t\t\t\t\t<div class=\"elementor-posts-container elementor-posts elementor-posts--skin-cards elementor-grid\" role=\"list\">\n\t\t\t\t<article class=\"elementor-post elementor-grid-item post-5695 post type-post status-publish format-standard has-post-thumbnail hentry category-actividades category-viajes tag-actividades-asociacion-amigos tag-asociacion-de-amigos-del-museo-de-bellas-artes tag-programacion-asociacion-amigos tag-viajes-culturales-asociacion-amigos\" role=\"listitem\">\n\t\t\t<div class=\"elementor-post__card\">\n\t\t\t\t<a class=\"elementor-post__thumbnail__link\" href=\"https:\/\/amigosmubav.es\/va\/viaje-cultural-a-cuellar-simancas-valladolid-y-madrid\/\" tabindex=\"-1\" ><div class=\"elementor-post__thumbnail\"><img fetchpriority=\"high\" decoding=\"async\" width=\"300\" height=\"300\" src=\"https:\/\/amigosmubav.es\/wp-content\/uploads\/2025\/07\/IMG-20250603-WA0031-300x300.jpg\" class=\"attachment-medium size-medium wp-image-5717\" alt=\"\" srcset=\"https:\/\/amigosmubav.es\/wp-content\/uploads\/2025\/07\/IMG-20250603-WA0031-300x300.jpg 300w, https:\/\/amigosmubav.es\/wp-content\/uploads\/2025\/07\/IMG-20250603-WA0031-1024x1024.jpg 1024w, https:\/\/amigosmubav.es\/wp-content\/uploads\/2025\/07\/IMG-20250603-WA0031-150x150.jpg 150w, https:\/\/amigosmubav.es\/wp-content\/uploads\/2025\/07\/IMG-20250603-WA0031-768x768.jpg 768w, https:\/\/amigosmubav.es\/wp-content\/uploads\/2025\/07\/IMG-20250603-WA0031-1536x1536.jpg 1536w, https:\/\/amigosmubav.es\/wp-content\/uploads\/2025\/07\/IMG-20250603-WA0031-2048x2048.jpg 2048w\" sizes=\"(max-width: 300px) 100vw, 300px\" \/><\/div><\/a>\n\t\t\t\t<div class=\"elementor-post__badge\">actividades<\/div>\n\t\t\t\t<div class=\"elementor-post__text\">\n\t\t\t\t<h3 class=\"elementor-post__title\">\n\t\t\t<a href=\"https:\/\/amigosmubav.es\/va\/viaje-cultural-a-cuellar-simancas-valladolid-y-madrid\/\" >\n\t\t\t\tVIATGE CULTURAL A: CUELLAR, SIMANQUES, VALLADOLID I MADRID\t\t\t<\/a>\n\t\t<\/h3>\n\t\t\t\t<\/div>\n\t\t\t\t<div class=\"elementor-post__meta-data\">\n\t\t\t\t\t<span class=\"elementor-post-date\">\n\t\t\tjuliol 1, 2025\t\t<\/span>\n\t\t\t\t<\/div>\n\t\t\t\t\t<\/div>\n\t\t<\/article>\n\t\t\t\t<article class=\"elementor-post elementor-grid-item post-5645 post type-post status-publish format-standard has-post-thumbnail hentry category-actividades category-arte category-conferencias tag-actividades-asociacion-amigos tag-asociacion-de-amigos-del-museo-de-bellas-artes tag-conferencia tag-museo-bellas-artes-valencia\" role=\"listitem\">\n\t\t\t<div class=\"elementor-post__card\">\n\t\t\t\t<a class=\"elementor-post__thumbnail__link\" href=\"https:\/\/amigosmubav.es\/va\/conferencias\/\" tabindex=\"-1\" ><div class=\"elementor-post__thumbnail\"><img decoding=\"async\" width=\"300\" height=\"295\" src=\"https:\/\/amigosmubav.es\/wp-content\/uploads\/2025\/07\/IMG-20250516-WA0158-300x295.jpg\" class=\"attachment-medium size-medium wp-image-5649\" alt=\"\" srcset=\"https:\/\/amigosmubav.es\/wp-content\/uploads\/2025\/07\/IMG-20250516-WA0158-300x295.jpg 300w, https:\/\/amigosmubav.es\/wp-content\/uploads\/2025\/07\/IMG-20250516-WA0158-1024x1009.jpg 1024w, https:\/\/amigosmubav.es\/wp-content\/uploads\/2025\/07\/IMG-20250516-WA0158-768x756.jpg 768w, https:\/\/amigosmubav.es\/wp-content\/uploads\/2025\/07\/IMG-20250516-WA0158.jpg 1523w\" sizes=\"(max-width: 300px) 100vw, 300px\" \/><\/div><\/a>\n\t\t\t\t<div class=\"elementor-post__badge\">actividades<\/div>\n\t\t\t\t<div class=\"elementor-post__text\">\n\t\t\t\t<h3 class=\"elementor-post__title\">\n\t\t\t<a href=\"https:\/\/amigosmubav.es\/va\/conferencias\/\" >\n\t\t\t\tCONFER\u00c8NCIES\t\t\t<\/a>\n\t\t<\/h3>\n\t\t\t\t<\/div>\n\t\t\t\t<div class=\"elementor-post__meta-data\">\n\t\t\t\t\t<span class=\"elementor-post-date\">\n\t\t\tjuny 30, 2025\t\t<\/span>\n\t\t\t\t<\/div>\n\t\t\t\t\t<\/div>\n\t\t<\/article>\n\t\t\t\t<article class=\"elementor-post elementor-grid-item post-5678 post type-post status-publish format-standard has-post-thumbnail hentry category-actividades category-arte category-visitas tag-actividades-asociacion-amigos tag-asociacion-de-amigos-del-museo-de-bellas-artes tag-micof tag-visitas-exclusivas tag-visitas-guiadas-asociacion-amigos\" role=\"listitem\">\n\t\t\t<div class=\"elementor-post__card\">\n\t\t\t\t<a class=\"elementor-post__thumbnail__link\" href=\"https:\/\/amigosmubav.es\/va\/visitas-guiadas-al-colegio-de-farmaceuticos-en-valencia-micof\/\" tabindex=\"-1\" ><div class=\"elementor-post__thumbnail\"><img decoding=\"async\" width=\"300\" height=\"239\" src=\"https:\/\/amigosmubav.es\/wp-content\/uploads\/2025\/07\/IMG-20250516-WA0172-300x239.jpg\" class=\"attachment-medium size-medium wp-image-5690\" alt=\"\" srcset=\"https:\/\/amigosmubav.es\/wp-content\/uploads\/2025\/07\/IMG-20250516-WA0172-300x239.jpg 300w, https:\/\/amigosmubav.es\/wp-content\/uploads\/2025\/07\/IMG-20250516-WA0172-1024x817.jpg 1024w, https:\/\/amigosmubav.es\/wp-content\/uploads\/2025\/07\/IMG-20250516-WA0172-768x613.jpg 768w, https:\/\/amigosmubav.es\/wp-content\/uploads\/2025\/07\/IMG-20250516-WA0172.jpg 1080w\" sizes=\"(max-width: 300px) 100vw, 300px\" \/><\/div><\/a>\n\t\t\t\t<div class=\"elementor-post__badge\">actividades<\/div>\n\t\t\t\t<div class=\"elementor-post__text\">\n\t\t\t\t<h3 class=\"elementor-post__title\">\n\t\t\t<a href=\"https:\/\/amigosmubav.es\/va\/visitas-guiadas-al-colegio-de-farmaceuticos-en-valencia-micof\/\" >\n\t\t\t\tVisites guiades al Col\u00b7legi de Farmac\u00e8utics a Val\u00e8ncia (MICOF)\t\t\t<\/a>\n\t\t<\/h3>\n\t\t\t\t<\/div>\n\t\t\t\t<div class=\"elementor-post__meta-data\">\n\t\t\t\t\t<span class=\"elementor-post-date\">\n\t\t\tjuny 5, 2025\t\t<\/span>\n\t\t\t\t<\/div>\n\t\t\t\t\t<\/div>\n\t\t<\/article>\n\t\t\t\t<article class=\"elementor-post elementor-grid-item post-5667 post type-post status-publish format-standard has-post-thumbnail hentry category-actividades category-arte category-visitas tag-actividades-asociacion-amigos tag-amigos-museo-bellas-artes-valencia tag-asociacion-de-amigos-del-museo-de-bellas-artes tag-fundacion-masaveu tag-visitas-exclusivas tag-visitas-guiadas-asociacion-amigos\" role=\"listitem\">\n\t\t\t<div class=\"elementor-post__card\">\n\t\t\t\t<a class=\"elementor-post__thumbnail__link\" href=\"https:\/\/amigosmubav.es\/va\/visitas-guiadas-exposicion-coleccion-masaveu-objeto-y-naturaleza-bodegones-y-floreros-de-los-siglos-xvii-xviii-mubav\/\" tabindex=\"-1\" ><div class=\"elementor-post__thumbnail\"><img loading=\"lazy\" decoding=\"async\" width=\"300\" height=\"218\" src=\"https:\/\/amigosmubav.es\/wp-content\/uploads\/2025\/07\/IMG-20250516-WA0122-300x218.jpg\" class=\"attachment-medium size-medium wp-image-5668\" alt=\"\" srcset=\"https:\/\/amigosmubav.es\/wp-content\/uploads\/2025\/07\/IMG-20250516-WA0122-300x218.jpg 300w, https:\/\/amigosmubav.es\/wp-content\/uploads\/2025\/07\/IMG-20250516-WA0122-1024x743.jpg 1024w, https:\/\/amigosmubav.es\/wp-content\/uploads\/2025\/07\/IMG-20250516-WA0122-768x557.jpg 768w, https:\/\/amigosmubav.es\/wp-content\/uploads\/2025\/07\/IMG-20250516-WA0122-1536x1115.jpg 1536w, https:\/\/amigosmubav.es\/wp-content\/uploads\/2025\/07\/IMG-20250516-WA0122.jpg 2048w\" sizes=\"(max-width: 300px) 100vw, 300px\" \/><\/div><\/a>\n\t\t\t\t<div class=\"elementor-post__badge\">actividades<\/div>\n\t\t\t\t<div class=\"elementor-post__text\">\n\t\t\t\t<h3 class=\"elementor-post__title\">\n\t\t\t<a href=\"https:\/\/amigosmubav.es\/va\/visitas-guiadas-exposicion-coleccion-masaveu-objeto-y-naturaleza-bodegones-y-floreros-de-los-siglos-xvii-xviii-mubav\/\" >\n\t\t\t\tVisites guiades exposici\u00f3: \u00abCOL\u00b7LECCI\u00d3 MASAVEU: OBJECTE I NATURA. BODEGONS I FLORERS DELS SEGLES XVII-XVIII\u00bb MUBAV\t\t\t<\/a>\n\t\t<\/h3>\n\t\t\t\t<\/div>\n\t\t\t\t<div class=\"elementor-post__meta-data\">\n\t\t\t\t\t<span class=\"elementor-post-date\">\n\t\t\tmaig 30, 2025\t\t<\/span>\n\t\t\t\t<\/div>\n\t\t\t\t\t<\/div>\n\t\t<\/article>\n\t\t\t\t<article class=\"elementor-post elementor-grid-item post-5658 post type-post status-publish format-standard has-post-thumbnail hentry category-actividades category-arte category-visitas tag-actividades-asociacion-amigos tag-asociacion-de-amigos-del-museo-de-bellas-artes tag-fundacion-bancaja tag-visitas-exclusivas tag-visitas-guiadas-asociacion-amigos\" role=\"listitem\">\n\t\t\t<div class=\"elementor-post__card\">\n\t\t\t\t<a class=\"elementor-post__thumbnail__link\" href=\"https:\/\/amigosmubav.es\/va\/visitas-guiadas-exposicion-eduardo-urculo-un-viajero-cosmopolita\/\" tabindex=\"-1\" ><div class=\"elementor-post__thumbnail\"><img loading=\"lazy\" decoding=\"async\" width=\"300\" height=\"169\" src=\"https:\/\/amigosmubav.es\/wp-content\/uploads\/2025\/07\/1744355643860-300x169.jpg\" class=\"attachment-medium size-medium wp-image-5664\" alt=\"\" srcset=\"https:\/\/amigosmubav.es\/wp-content\/uploads\/2025\/07\/1744355643860-300x169.jpg 300w, https:\/\/amigosmubav.es\/wp-content\/uploads\/2025\/07\/1744355643860-1024x577.jpg 1024w, https:\/\/amigosmubav.es\/wp-content\/uploads\/2025\/07\/1744355643860-768x432.jpg 768w, https:\/\/amigosmubav.es\/wp-content\/uploads\/2025\/07\/1744355643860-1536x865.jpg 1536w, https:\/\/amigosmubav.es\/wp-content\/uploads\/2025\/07\/1744355643860-2048x1153.jpg 2048w\" sizes=\"(max-width: 300px) 100vw, 300px\" \/><\/div><\/a>\n\t\t\t\t<div class=\"elementor-post__badge\">actividades<\/div>\n\t\t\t\t<div class=\"elementor-post__text\">\n\t\t\t\t<h3 class=\"elementor-post__title\">\n\t\t\t<a href=\"https:\/\/amigosmubav.es\/va\/visitas-guiadas-exposicion-eduardo-urculo-un-viajero-cosmopolita\/\" >\n\t\t\t\tVisites guiades exposici\u00f3: \u00abEDUARDO \u00daRCLE. UN VIATGER COSMOPOLITA\u00bb\t\t\t<\/a>\n\t\t<\/h3>\n\t\t\t\t<\/div>\n\t\t\t\t<div class=\"elementor-post__meta-data\">\n\t\t\t\t\t<span class=\"elementor-post-date\">\n\t\t\tabril 30, 2025\t\t<\/span>\n\t\t\t\t<\/div>\n\t\t\t\t\t<\/div>\n\t\t<\/article>\n\t\t\t\t<article class=\"elementor-post elementor-grid-item post-5044 post type-post status-publish format-standard has-post-thumbnail hentry category-actividades category-arte category-visitas tag-actividades-asociacion-amigos tag-asociacion-de-amigos-del-museo-de-bellas-artes tag-visitas-exclusivas tag-visitas-guiadas-asociacion-amigos\" role=\"listitem\">\n\t\t\t<div class=\"elementor-post__card\">\n\t\t\t\t<a class=\"elementor-post__thumbnail__link\" href=\"https:\/\/amigosmubav.es\/va\/visitas-guiadas-archivo-del-reino-protocolos-notariales-e-indumentaria\/\" tabindex=\"-1\" ><div class=\"elementor-post__thumbnail\"><img loading=\"lazy\" decoding=\"async\" width=\"300\" height=\"225\" src=\"https:\/\/amigosmubav.es\/wp-content\/uploads\/2025\/03\/1741949146456-300x225.jpg\" class=\"attachment-medium size-medium wp-image-5054\" alt=\"\" srcset=\"https:\/\/amigosmubav.es\/wp-content\/uploads\/2025\/03\/1741949146456-300x225.jpg 300w, https:\/\/amigosmubav.es\/wp-content\/uploads\/2025\/03\/1741949146456-1024x768.jpg 1024w, https:\/\/amigosmubav.es\/wp-content\/uploads\/2025\/03\/1741949146456-768x576.jpg 768w, https:\/\/amigosmubav.es\/wp-content\/uploads\/2025\/03\/1741949146456-1536x1152.jpg 1536w, https:\/\/amigosmubav.es\/wp-content\/uploads\/2025\/03\/1741949146456.jpg 1600w\" sizes=\"(max-width: 300px) 100vw, 300px\" \/><\/div><\/a>\n\t\t\t\t<div class=\"elementor-post__badge\">actividades<\/div>\n\t\t\t\t<div class=\"elementor-post__text\">\n\t\t\t\t<h3 class=\"elementor-post__title\">\n\t\t\t<a href=\"https:\/\/amigosmubav.es\/va\/visitas-guiadas-archivo-del-reino-protocolos-notariales-e-indumentaria\/\" >\n\t\t\t\tVisites guiades ARXIU DEL REGNE \u00abPROTOCOLS NOTARIALS I INDUMENT\u00c0RIA\u00bb\t\t\t<\/a>\n\t\t<\/h3>\n\t\t\t\t<\/div>\n\t\t\t\t<div class=\"elementor-post__meta-data\">\n\t\t\t\t\t<span class=\"elementor-post-date\">\n\t\t\tfebrer 28, 2025\t\t<\/span>\n\t\t\t\t<\/div>\n\t\t\t\t\t<\/div>\n\t\t<\/article>\n\t\t\t\t<article class=\"elementor-post elementor-grid-item post-5067 post type-post status-publish format-standard has-post-thumbnail hentry category-actividades category-arte category-conferencias tag-actividades-asociacion-amigos tag-asociacion-de-amigos-del-museo-de-bellas-artes tag-mesa-redonda tag-museo-bellas-artes-valencia\" role=\"listitem\">\n\t\t\t<div class=\"elementor-post__card\">\n\t\t\t\t<a class=\"elementor-post__thumbnail__link\" href=\"https:\/\/amigosmubav.es\/va\/visita-guiada-deconstruyendo-la-abstraccion\/\" tabindex=\"-1\" ><div class=\"elementor-post__thumbnail\"><img loading=\"lazy\" decoding=\"async\" width=\"300\" height=\"225\" src=\"https:\/\/amigosmubav.es\/wp-content\/uploads\/2025\/03\/1741949146634-300x225.jpg\" class=\"attachment-medium size-medium wp-image-5068\" alt=\"\" srcset=\"https:\/\/amigosmubav.es\/wp-content\/uploads\/2025\/03\/1741949146634-300x225.jpg 300w, https:\/\/amigosmubav.es\/wp-content\/uploads\/2025\/03\/1741949146634-1024x768.jpg 1024w, https:\/\/amigosmubav.es\/wp-content\/uploads\/2025\/03\/1741949146634-768x576.jpg 768w, https:\/\/amigosmubav.es\/wp-content\/uploads\/2025\/03\/1741949146634-1536x1152.jpg 1536w, https:\/\/amigosmubav.es\/wp-content\/uploads\/2025\/03\/1741949146634.jpg 1600w\" sizes=\"(max-width: 300px) 100vw, 300px\" \/><\/div><\/a>\n\t\t\t\t<div class=\"elementor-post__badge\">actividades<\/div>\n\t\t\t\t<div class=\"elementor-post__text\">\n\t\t\t\t<h3 class=\"elementor-post__title\">\n\t\t\t<a href=\"https:\/\/amigosmubav.es\/va\/visita-guiada-deconstruyendo-la-abstraccion\/\" >\n\t\t\t\tVISITA GUIADA: \u00abDECONSTRUYENDO LA  ABSTRACCI\u00d3N\u00bb\t\t\t<\/a>\n\t\t<\/h3>\n\t\t\t\t<\/div>\n\t\t\t\t<div class=\"elementor-post__meta-data\">\n\t\t\t\t\t<span class=\"elementor-post-date\">\n\t\t\tfebrer 25, 2025\t\t<\/span>\n\t\t\t\t<\/div>\n\t\t\t\t\t<\/div>\n\t\t<\/article>\n\t\t\t\t<article class=\"elementor-post elementor-grid-item post-5038 post type-post status-publish format-standard has-post-thumbnail hentry category-actividades category-arte category-visitas tag-actividades-asociacion-amigos tag-asociacion-de-amigos-del-museo-de-bellas-artes tag-visitas-exclusivas tag-visitas-guiadas-asociacion-amigos\" role=\"listitem\">\n\t\t\t<div class=\"elementor-post__card\">\n\t\t\t\t<a class=\"elementor-post__thumbnail__link\" href=\"https:\/\/amigosmubav.es\/va\/visitas-guiadas-exposicion-invencion-y-proyecto-bocetos-en-el-museo-de-bellas-artes-de-valencia-por-david-gimilio\/\" tabindex=\"-1\" ><div class=\"elementor-post__thumbnail\"><img loading=\"lazy\" decoding=\"async\" width=\"300\" height=\"225\" src=\"https:\/\/amigosmubav.es\/wp-content\/uploads\/2025\/03\/1741948507297-300x225.jpg\" class=\"attachment-medium size-medium wp-image-5040\" alt=\"\" srcset=\"https:\/\/amigosmubav.es\/wp-content\/uploads\/2025\/03\/1741948507297-300x225.jpg 300w, https:\/\/amigosmubav.es\/wp-content\/uploads\/2025\/03\/1741948507297-1024x768.jpg 1024w, https:\/\/amigosmubav.es\/wp-content\/uploads\/2025\/03\/1741948507297-768x576.jpg 768w, https:\/\/amigosmubav.es\/wp-content\/uploads\/2025\/03\/1741948507297-1536x1152.jpg 1536w, https:\/\/amigosmubav.es\/wp-content\/uploads\/2025\/03\/1741948507297.jpg 1600w\" sizes=\"(max-width: 300px) 100vw, 300px\" \/><\/div><\/a>\n\t\t\t\t<div class=\"elementor-post__badge\">actividades<\/div>\n\t\t\t\t<div class=\"elementor-post__text\">\n\t\t\t\t<h3 class=\"elementor-post__title\">\n\t\t\t<a href=\"https:\/\/amigosmubav.es\/va\/visitas-guiadas-exposicion-invencion-y-proyecto-bocetos-en-el-museo-de-bellas-artes-de-valencia-por-david-gimilio\/\" >\n\t\t\t\tVisitas guiadas exposici\u00f3n: \u00abINVENCI\u00d3N Y PROYECTO. BOCETOS EN EL MUSEO DE BELLAS ARTES DE VALENCIA\u00bb por David Gimilio\t\t\t<\/a>\n\t\t<\/h3>\n\t\t\t\t<\/div>\n\t\t\t\t<div class=\"elementor-post__meta-data\">\n\t\t\t\t\t<span class=\"elementor-post-date\">\n\t\t\tfebrer 20, 2025\t\t<\/span>\n\t\t\t\t<\/div>\n\t\t\t\t\t<\/div>\n\t\t<\/article>\n\t\t\t\t<article class=\"elementor-post elementor-grid-item post-5072 post type-post status-publish format-standard has-post-thumbnail hentry category-actividades category-arte category-conferencias tag-actividades-asociacion-amigos tag-asociacion-de-amigos-del-museo-de-bellas-artes tag-conferencias-asociacion-amigos\" role=\"listitem\">\n\t\t\t<div class=\"elementor-post__card\">\n\t\t\t\t<a class=\"elementor-post__thumbnail__link\" href=\"https:\/\/amigosmubav.es\/va\/conferencia-peyro-el-dialogo-entre-ceramica-escultorica-y-la-pintura-regionalista-de-su-tiempo\/\" tabindex=\"-1\" ><div class=\"elementor-post__thumbnail\"><img loading=\"lazy\" decoding=\"async\" width=\"300\" height=\"225\" src=\"https:\/\/amigosmubav.es\/wp-content\/uploads\/2025\/03\/1741956497218-300x225.jpg\" class=\"attachment-medium size-medium wp-image-5075\" alt=\"\" srcset=\"https:\/\/amigosmubav.es\/wp-content\/uploads\/2025\/03\/1741956497218-300x225.jpg 300w, https:\/\/amigosmubav.es\/wp-content\/uploads\/2025\/03\/1741956497218-1024x768.jpg 1024w, https:\/\/amigosmubav.es\/wp-content\/uploads\/2025\/03\/1741956497218-768x576.jpg 768w, https:\/\/amigosmubav.es\/wp-content\/uploads\/2025\/03\/1741956497218-1536x1152.jpg 1536w, https:\/\/amigosmubav.es\/wp-content\/uploads\/2025\/03\/1741956497218-2048x1536.jpg 2048w\" sizes=\"(max-width: 300px) 100vw, 300px\" \/><\/div><\/a>\n\t\t\t\t<div class=\"elementor-post__badge\">actividades<\/div>\n\t\t\t\t<div class=\"elementor-post__text\">\n\t\t\t\t<h3 class=\"elementor-post__title\">\n\t\t\t<a href=\"https:\/\/amigosmubav.es\/va\/conferencia-peyro-el-dialogo-entre-ceramica-escultorica-y-la-pintura-regionalista-de-su-tiempo\/\" >\n\t\t\t\tCONFERENCIA: \u00abPEYR\u00d3. EL DI\u00c1LOGO ENTRE CER\u00c1MICA ESCULT\u00d3RICA Y LA PINTURA REGIONALISTA DE SU TIEMPO\u00bb\t\t\t<\/a>\n\t\t<\/h3>\n\t\t\t\t<\/div>\n\t\t\t\t<div class=\"elementor-post__meta-data\">\n\t\t\t\t\t<span class=\"elementor-post-date\">\n\t\t\tfebrer 7, 2025\t\t<\/span>\n\t\t\t\t<\/div>\n\t\t\t\t\t<\/div>\n\t\t<\/article>\n\t\t\t\t<article class=\"elementor-post elementor-grid-item post-5062 post type-post status-publish format-standard has-post-thumbnail hentry category-actividades category-arte category-conferencias tag-actividades-asociacion-amigos tag-asociacion-de-amigos-del-museo-de-bellas-artes tag-mesa-redonda tag-museo-bellas-artes-valencia\" role=\"listitem\">\n\t\t\t<div class=\"elementor-post__card\">\n\t\t\t\t<a class=\"elementor-post__thumbnail__link\" href=\"https:\/\/amigosmubav.es\/va\/mesa-redonda\/\" tabindex=\"-1\" ><div class=\"elementor-post__thumbnail\"><img loading=\"lazy\" decoding=\"async\" width=\"300\" height=\"225\" src=\"https:\/\/amigosmubav.es\/wp-content\/uploads\/2025\/03\/1741955282074-300x225.jpg\" class=\"attachment-medium size-medium wp-image-5063\" alt=\"\" srcset=\"https:\/\/amigosmubav.es\/wp-content\/uploads\/2025\/03\/1741955282074-300x225.jpg 300w, https:\/\/amigosmubav.es\/wp-content\/uploads\/2025\/03\/1741955282074-1024x768.jpg 1024w, https:\/\/amigosmubav.es\/wp-content\/uploads\/2025\/03\/1741955282074-768x576.jpg 768w, https:\/\/amigosmubav.es\/wp-content\/uploads\/2025\/03\/1741955282074-1536x1152.jpg 1536w, https:\/\/amigosmubav.es\/wp-content\/uploads\/2025\/03\/1741955282074.jpg 1600w\" sizes=\"(max-width: 300px) 100vw, 300px\" \/><\/div><\/a>\n\t\t\t\t<div class=\"elementor-post__badge\">actividades<\/div>\n\t\t\t\t<div class=\"elementor-post__text\">\n\t\t\t\t<h3 class=\"elementor-post__title\">\n\t\t\t<a href=\"https:\/\/amigosmubav.es\/va\/mesa-redonda\/\" >\n\t\t\t\tMESA REDONDA\t\t\t<\/a>\n\t\t<\/h3>\n\t\t\t\t<\/div>\n\t\t\t\t<div class=\"elementor-post__meta-data\">\n\t\t\t\t\t<span class=\"elementor-post-date\">\n\t\t\tgener 31, 2025\t\t<\/span>\n\t\t\t\t<\/div>\n\t\t\t\t\t<\/div>\n\t\t<\/article>\n\t\t\t\t<\/div>\n\t\t\t\t\t<span class=\"e-load-more-spinner\">\n\t\t\t\t<svg aria-hidden=\"true\" class=\"e-font-icon-svg e-fas-spinner\" viewbox=\"0 0 512 512\" xmlns=\"http:\/\/www.w3.org\/2000\/svg\"><path d=\"M304 48c0 26.51-21.49 48-48 48s-48-21.49-48-48 21.49-48 48-48 48 21.49 48 48zm-48 368c-26.51 0-48 21.49-48 48s21.49 48 48 48 48-21.49 48-48-21.49-48-48-48zm208-208c-26.51 0-48 21.49-48 48s21.49 48 48 48 48-21.49 48-48-21.49-48-48-48zM96 256c0-26.51-21.49-48-48-48S0 229.49 0 256s21.49 48 48 48 48-21.49 48-48zm12.922 99.078c-26.51 0-48 21.49-48 48s21.49 48 48 48 48-21.49 48-48c0-26.509-21.491-48-48-48zm294.156 0c-26.51 0-48 21.49-48 48s21.49 48 48 48 48-21.49 48-48c0-26.509-21.49-48-48-48zM108.922 60.922c-26.51 0-48 21.49-48 48s21.49 48 48 48 48-21.49 48-48-21.491-48-48-48z\"><\/path><\/svg>\t\t\t<\/span>\n\t\t\n\t\t\t\t<div class=\"e-load-more-anchor\" data-page=\"1\" data-max-page=\"15\" data-next-page=\"https:\/\/amigosmubav.es\/va\/wp-json\/wp\/v2\/pages\/375\/page\/2\/\"><\/div>\n\t\t\t\t<div class=\"e-load-more-message\"><\/div>\n\t\t\t\t\t\t<\/div>\n\t\t\t\t<\/div>\n\t\t\t\t<\/div>\n\t\t\t\t<\/div>","protected":false},"excerpt":{"rendered":"<p>ACTIVITATS<\/p>","protected":false},"author":35,"featured_media":0,"parent":0,"menu_order":0,"comment_status":"closed","ping_status":"closed","template":"","meta":{"_acf_changed":false,"footnotes":""},"class_list":["post-375","page","type-page","status-publish","hentry"],"acf":[],"_links":{"self":[{"href":"https:\/\/amigosmubav.es\/va\/wp-json\/wp\/v2\/pages\/375","targetHints":{"allow":["GET"]}}],"collection":[{"href":"https:\/\/amigosmubav.es\/va\/wp-json\/wp\/v2\/pages"}],"about":[{"href":"https:\/\/amigosmubav.es\/va\/wp-json\/wp\/v2\/types\/page"}],"author":[{"embeddable":true,"href":"https:\/\/amigosmubav.es\/va\/wp-json\/wp\/v2\/users\/35"}],"replies":[{"embeddable":true,"href":"https:\/\/amigosmubav.es\/va\/wp-json\/wp\/v2\/comments?post=375"}],"version-history":[{"count":40,"href":"https:\/\/amigosmubav.es\/va\/wp-json\/wp\/v2\/pages\/375\/revisions"}],"predecessor-version":[{"id":5305,"href":"https:\/\/amigosmubav.es\/va\/wp-json\/wp\/v2\/pages\/375\/revisions\/5305"}],"wp:attachment":[{"href":"https:\/\/amigosmubav.es\/va\/wp-json\/wp\/v2\/media?parent=375"}],"curies":[{"name":"wp","href":"https:\/\/api.w.org\/{rel}","templated":true}]}}